{"id":1032,"date":"2020-11-20T13:23:02","date_gmt":"2020-11-20T13:23:02","guid":{"rendered":"http:\/\/praxiologiamotriz.inefc.es\/?page_id=1032"},"modified":"2023-07-07T09:04:33","modified_gmt":"2023-07-07T09:04:33","slug":"linea-de-investigacion","status":"publish","type":"page","link":"https:\/\/praxiologiamotriz.inefc.es\/?page_id=1032","title":{"rendered":"L\u00edneas de Investigaci\u00f3n"},"content":{"rendered":"\n<p>Las<strong> l\u00edneas de investigaci\u00f3n<\/strong> de nuestro grupo se concretan en los siguientes \u00e1mbitos:<\/p>\n\n\n\n<p><span style=\"color: #0000ff;\"><strong>1 &#8211; Juego y deporte tradicional<\/strong><\/span><\/p>\n\n\n\n<p><span style=\"color: #0000ff;\"><strong>2 &#8211; Conflicto <\/strong><\/span><\/p>\n\n\n\n<p><span style=\"color: #0000ff;\"><strong>3 &#8211; Tecnologia<\/strong><\/span><\/p>\n\n\n\n<p>Te<\/p>\n\n\n\n<p><span style=\"color: #0000ff;\"><strong>Juegos Deportivos y Experiencia Emocional (bienestar socioemocional)<\/strong>:<\/span><\/p>\n\n\n\n<ol class=\"wp-block-list\">\n<li>Con estudiantes de diferentes grupos de edad (universitarios; educaci\u00f3n primaria, educaci\u00f3n secundaria y bachillerato)<\/li>\n\n\n\n<li>Perspectiva de G\u00e9nero<\/li>\n\n\n\n<li>Uso de las Tecnolog\u00edas del Aprendizaje y del Conocimiento (TAC), Trabajo Cooperativo y sus efectos en la Vivencia Emocional con alumnado de ESO<\/li>\n<\/ol>\n\n\n\n<p><span style=\"color: #0000ff;\"><strong>2 &#8211; Relaciones Interpersonales en Educaci\u00f3n F\u00edsica (bienestar relacional<\/strong>):<\/span><\/p>\n\n\n\n<ol class=\"wp-block-list\">\n<li>La Transformaci\u00f3n de los Conflictos en las Sesiones de Educaci\u00f3n F\u00edsica<\/li>\n\n\n\n<li>Educar las Relaciones Interpersonales. Sociometr\u00eda y Cohesi\u00f3n Grupal<\/li>\n<\/ol>\n\n\n\n<p><span style=\"color: #0000ff;\"><strong>3 &#8211; Estudio de la Toma de Decisiones en Situaciones de Juego<\/strong><\/span><\/p>\n\n\n\n<ol class=\"wp-block-list\">\n<li>La Toma de Decisiones en Situaciones de Juego (deportes de oposici\u00f3n y de cooperaci\u00f3n-oposici\u00f3n)<\/li>\n<\/ol>\n\n\n\n<p><span style=\"color: #0000ff;\"><strong>4 &#8211; Juego, Educaci\u00f3n, Cultura y Patrimonio (bienestar cultural)<\/strong>:<\/span><\/p>\n\n\n\n<ol class=\"wp-block-list\">\n<li>Educar el Di\u00e1logo Intercultural a Trav\u00e9s de Juegos Tradicionales<\/li>\n\n\n\n<li>La Construcci\u00f3n Social de las Emociones en los Juegos Tradicionales<\/li>\n\n\n\n<li>El Juego deportivo tradicional durante la Guerra Civil Espa\u00f1ola<\/li>\n<\/ol>\n\n\n\n<p><span style=\"color: #0000ff;\"><strong>5 &#8211; Los Espacios Naturales Protegidos, la salud y el bienestar<\/strong><\/span>.<\/p>\n\n\n\n<ol class=\"wp-block-list\">\n<li>L\u00ednea de investigaci\u00f3n 360\u00ba. Actividad F\u00edsica \/ Deporte en Espacios Naturales Protegidos y su Incidencia con la Salud y el Bienestar.<\/li>\n<\/ol>\n","protected":false},"excerpt":{"rendered":"<p>Las l\u00edneas de investigaci\u00f3n de nuestro grupo se concretan en los siguientes \u00e1mbitos: 1 &#8211; Juego y deporte tradicional 2 &#8211; Conflicto 3 &#8211; Tecnologia Te Juegos Deportivos y Experiencia Emocional (bienestar socioemocional): 2 &#8211; Relaciones Interpersonales en Educaci\u00f3n F\u00edsica (bienestar relacional): 3 &#8211; Estudio de la Toma de Decisiones en Situaciones de Juego 4 [&hellip;]<\/p>\n","protected":false},"author":3,"featured_media":0,"parent":0,"menu_order":0,"comment_status":"closed","ping_status":"closed","template":"","meta":{"footnotes":""},"class_list":["post-1032","page","type-page","status-publish","hentry"],"_links":{"self":[{"href":"https:\/\/praxiologiamotriz.inefc.es\/index.php?rest_route=\/wp\/v2\/pages\/1032","targetHints":{"allow":["GET"]}}],"collection":[{"href":"https:\/\/praxiologiamotriz.inefc.es\/index.php?rest_route=\/wp\/v2\/pages"}],"about":[{"href":"https:\/\/praxiologiamotriz.inefc.es\/index.php?rest_route=\/wp\/v2\/types\/page"}],"author":[{"embeddable":true,"href":"https:\/\/praxiologiamotriz.inefc.es\/index.php?rest_route=\/wp\/v2\/users\/3"}],"replies":[{"embeddable":true,"href":"https:\/\/praxiologiamotriz.inefc.es\/index.php?rest_route=%2Fwp%2Fv2%2Fcomments&post=1032"}],"version-history":[{"count":8,"href":"https:\/\/praxiologiamotriz.inefc.es\/index.php?rest_route=\/wp\/v2\/pages\/1032\/revisions"}],"predecessor-version":[{"id":1620,"href":"https:\/\/praxiologiamotriz.inefc.es\/index.php?rest_route=\/wp\/v2\/pages\/1032\/revisions\/1620"}],"wp:attachment":[{"href":"https:\/\/praxiologiamotriz.inefc.es\/index.php?rest_route=%2Fwp%2Fv2%2Fmedia&parent=1032"}],"curies":[{"name":"wp","href":"https:\/\/api.w.org\/{rel}","templated":true}]}}