{"id":1053,"date":"2020-11-20T19:25:13","date_gmt":"2020-11-20T19:25:13","guid":{"rendered":"http:\/\/praxiologiamotriz.inefc.es\/?page_id=1053"},"modified":"2023-07-03T16:38:45","modified_gmt":"2023-07-03T16:38:45","slug":"miembros","status":"publish","type":"page","link":"https:\/\/praxiologiamotriz.inefc.es\/?page_id=1053","title":{"rendered":"Miembros"},"content":{"rendered":"<p>El <strong>Grupo de Investigaci\u00f3n en Acci\u00f3n Motriz <em>(GIAM)<\/em><\/strong> es un grupo de investigaci\u00f3n consolidado de la Generalitat de Catalunya<em> (AGAUR 2017 SGR 197) <\/em>integrado en la estructura de investigaci\u00f3n del INEFC Lleida.\u00a0 El Dr. Pere Lavega, es el investigador principal del grupo que est\u00e1 integrado por personal investigador del INEFC y de otras universidades de Espa\u00f1a, Portugal y Francia.<\/p>\n<p>Las l\u00edneas de investigaci\u00f3n del grupo giran alrededor del estudio de las propiedades de cualquier pr\u00e1ctica motriz (juego, deporte, actividades en la naturaleza y actividades de expresi\u00f3n) relacionadas con diferentes \u00e1reas del bienestar, ya sea en el plano emocional, relacional y cultural, as\u00ed como en la toma de decisiones.<\/p>\n<p>Estas <strong>l\u00edneas de investigaci\u00f3n<\/strong> son las siguientes<\/p>\n<ol>\n<li>Juegos deportivos y experiencia emocional (bienestar emocional)<\/li>\n<li>Juego, educaci\u00f3n, cultura y patrimonio (bienestar cultural)<\/li>\n<li>Relaciones Interpersonales en Educaci\u00f3n F\u00edsica (bienestar relacional)<\/li>\n<li>Estudio de la Toma de decisiones en situaciones de juego<\/li>\n<li>Proyecto 360, Actividad F\u00edsica Deporte Salud Bienestar en Espacios naturales protegidos<\/li>\n<\/ol>\n<p>El Grupo tambi\u00e9n pertenece al <strong>Instituto de Desarrollo Social y Territorio <em>(INDEST)<\/em><\/strong> de la Universidad de Lleida. Su\u00a0objetivo es impulsar la investigaci\u00f3n de las ciencias sociales y las humanidades para analizar el desarrollo de los territorios y las\u00a0sociedades que viven, fundamentalmente en el \u00e1mbito territorial de Lleida.<a href=\"https:\/\/praxiologiamotriz.inefc.es\/wp-content\/uploads\/2018\/05\/20170905_122405.jpg\"><img loading=\"lazy\" decoding=\"async\" class=\"wp-image-671 aligncenter\" src=\"https:\/\/praxiologiamotriz.inefc.es\/wp-content\/uploads\/2018\/05\/20170905_122405-300x225.jpg\" alt=\"\" width=\"455\" height=\"347\" \/><\/a><\/p>\n<p><strong><u>Personal docente e investigador (PDI) del INEFC<\/u><\/strong><a href=\"http:\/\/www.researcherid.com\/rid\/I-4107-2012\">: Pere Lavega <\/a>(IP); Rosa Rodr\u00edguez, Crist\u00f2fol Salas;\u00a0 Unai S\u00e1ez de Oc\u00e1riz; Enric Ormo; Conxita Duran; Queralt Prat, Ver\u00f3nica Mu\u00f1oz; Aaron Rillo;<\/p>\n<p><strong><u>Doctorandos\/as<\/u>:<\/strong>\u00a0 David Falc\u00f3n;\u00a0 Rafael Luchoro; M\u00e1rio Maia Rodr\u00edguez, David Mart\u00edn, Pablo Aires Araujo<\/p>\n<p><strong><u>Estudiantes de grado colaboradores de Investigaci\u00f3n del INEFC \u00a0(ECR):<\/u><\/strong><\/p>\n<p><strong><u>Investigadores vinculados<\/u><\/strong><strong>:<\/strong> Dr.Francisco Lagardera (past director); Dra. Zha\u00efra Ben Cha\u00e2banne, Dr.Juan Andueza; Dra. Merc\u00e8 Mateu (INEFC, Universidad de Barcelona, Espa\u00f1a); Dr. Jos\u00e9 Ignacio Alonso (Universidad de Murica, Espa\u00f1a); Dr. Marco Bortoleto (Unicamp. Universidade de Campinas. Brasil); Paulo Coelho (Universidad de Coimbra, Portugal); Dr. Joseba Etxebeste(Universidad del Pa\u00eds Vasco, Espa\u00f1a); Dr. Ana Rosa Fachardo (Universidad de Coimbra, Portugal); Dr. Joao Francisco Magno Ribas (Universidade Federal de Santa Maria. Brasil); Dr. Luc Collard (Universidad Paris V.\u00a0 Ren\u00e9 Descartes. Francia); Dr. Pierre Parlebas(Universidad Paris V.\u00a0 Ren\u00e9 Descartes. Francia); Dr. Bertrand During (Universidad Paris V.\u00a0 Ren\u00e9 Descartes. Francia); Dr. Ahmed Torki (Universidad de Chlef, Algeria), Dra. Carmina Fern\u00e1ndez (Universidad de Zaragoza, Espa\u00f1a); Dra. Iciar Nadal (Universidad de Zaragoza, Espa\u00f1a).<\/p>\n<p><strong>Proyectos de investigaci\u00f3n<\/strong><\/p>\n<ul>\n<li><strong>Educando la igualdad de oportunidades<\/strong>. Juegos deportivos tradicionales y emociones en EF. [PRE\/2683\/2015, CVE-DOGC-A-15328024-2015] IP: <a href=\"http:\/\/www.researcherid.com\/rid\/I-4107-2012\">Pere Lavega<\/a> (INEFC,Lleida).<\/li>\n<li>Prevenci\u00f3n de las violencias desde el nacimiento. <strong>Espacios de socializaci\u00f3n y resoluci\u00f3n positiva de conflictes<\/strong> \u00a0[Financiado por: INDEST. Institut de Desenvolupament Social i Territorial] IP: Dra Paquita Sanvicen\u00e7 (UdL).<\/li>\n<li><strong>La reconfiguraci\u00f3n de las identidades locales en Catalu\u00f1a<\/strong> (1990-2016). Su manifestaci\u00f3n a partir del juego y la fiesta, el patrimonio y el turismo, la lengua y la literatura, los medios y la publicidad, y el asociacionismo cultural. Finan\u00e7iado por: INDEST. Institut de Desenvolupament Social i Territorial] IP: Joaquim Capdevila (UdL).<\/li>\n<li><strong>BRIDGE<\/strong>: Promotion of European Traditional Sports and Games, a BRIDGE for Intercultural Dialogue. [Financiado por : Education, Audiovisual and Culture Executive Agency (EACEA), Erasmus +]\u00a0IP: <a href=\"http:\/\/www.researcherid.com\/rid\/I-4107-2012\">Pere Lavega<\/a> (INEFC,Lleida).<strong>\u00a0<\/strong><\/li>\n<li><strong>Proyecto 360<\/strong>, Actividad F\u00edsica Deporte Salud Bienestar en Espacios naturales protegidos. IP. Dra. Estela In\u00e9s Far\u00edas y Dr. Gonzalo Gil<\/li>\n<\/ul>\n","protected":false},"excerpt":{"rendered":"<p>El Grupo de Investigaci\u00f3n en Acci\u00f3n Motriz (GIAM) es un grupo de investigaci\u00f3n consolidado de la Generalitat de Catalunya (AGAUR 2017 SGR 197) integrado en la estructura de investigaci\u00f3n del INEFC Lleida.\u00a0 El Dr. Pere Lavega, es el investigador principal del grupo que est\u00e1 integrado por personal investigador del INEFC y de otras universidades de [&hellip;]<\/p>\n","protected":false},"author":3,"featured_media":0,"parent":0,"menu_order":0,"comment_status":"closed","ping_status":"closed","template":"sidebar-page.php","meta":{"footnotes":""},"class_list":["post-1053","page","type-page","status-publish","hentry"],"_links":{"self":[{"href":"https:\/\/praxiologiamotriz.inefc.es\/index.php?rest_route=\/wp\/v2\/pages\/1053","targetHints":{"allow":["GET"]}}],"collection":[{"href":"https:\/\/praxiologiamotriz.inefc.es\/index.php?rest_route=\/wp\/v2\/pages"}],"about":[{"href":"https:\/\/praxiologiamotriz.inefc.es\/index.php?rest_route=\/wp\/v2\/types\/page"}],"author":[{"embeddable":true,"href":"https:\/\/praxiologiamotriz.inefc.es\/index.php?rest_route=\/wp\/v2\/users\/3"}],"replies":[{"embeddable":true,"href":"https:\/\/praxiologiamotriz.inefc.es\/index.php?rest_route=%2Fwp%2Fv2%2Fcomments&post=1053"}],"version-history":[{"count":4,"href":"https:\/\/praxiologiamotriz.inefc.es\/index.php?rest_route=\/wp\/v2\/pages\/1053\/revisions"}],"predecessor-version":[{"id":1611,"href":"https:\/\/praxiologiamotriz.inefc.es\/index.php?rest_route=\/wp\/v2\/pages\/1053\/revisions\/1611"}],"wp:attachment":[{"href":"https:\/\/praxiologiamotriz.inefc.es\/index.php?rest_route=%2Fwp%2Fv2%2Fmedia&parent=1053"}],"curies":[{"name":"wp","href":"https:\/\/api.w.org\/{rel}","templated":true}]}}