{"id":131,"date":"2013-11-28T10:04:31","date_gmt":"2013-11-28T10:04:31","guid":{"rendered":"http:\/\/praxiologiamotriz.inefc.es\/?page_id=131"},"modified":"2014-10-07T08:40:19","modified_gmt":"2014-10-07T08:40:19","slug":"pierre-parlebas","status":"publish","type":"page","link":"https:\/\/praxiologiamotriz.inefc.es\/?page_id=131","title":{"rendered":"Historia"},"content":{"rendered":"<p>&nbsp;<\/p>\n<h2><a href=\"https:\/\/praxiologiamotriz.inefc.es\/wp-content\/uploads\/2013\/11\/Pierre-Parlebas.jpg\"><img loading=\"lazy\" decoding=\"async\" class=\"alignnone size-full wp-image-132\" alt=\"Pierre Parlebas\" src=\"https:\/\/praxiologiamotriz.inefc.es\/wp-content\/uploads\/2013\/11\/Pierre-Parlebas.jpg\" width=\"414\" height=\"540\" \/><\/a><\/h2>\n<h2><span style=\"font-size: 13px;\">\u00a0<\/span><span style=\"font-size: 13px;\">D\u2019abord professeur d\u2019<\/span><a style=\"font-size: 13px;\" title=\"\u00c9ducation physique et sportive\" href=\"http:\/\/fr.wikipedia.org\/wiki\/%C3%89ducation_physique_et_sportive\">EPS<\/a><span style=\"font-size: 13px;\">, puis professeur en <\/span><a style=\"font-size: 13px;\" title=\"\u00c9cole normale primaire\" href=\"http:\/\/fr.wikipedia.org\/wiki\/%C3%89cole_normale_primaire\">\u00c9cole normale<\/a><span style=\"font-size: 13px;\">, puis \u00e0 l\u2019ENSEP (de 1965 \u00e0 1973), \u00e0 l\u2019INS et \u00e0 l\u2019<\/span><a style=\"font-size: 13px;\" title=\"Institut national du sport, de l'expertise et de la performance\" href=\"http:\/\/fr.wikipedia.org\/wiki\/Institut_national_du_sport,_de_l%27expertise_et_de_la_performance\">Institut national du sport, de l&#8217;expertise et de la performance<\/a><span style=\"font-size: 13px;\"> (INSEP) depuis <\/span><a style=\"font-size: 13px;\" title=\"1975\" href=\"http:\/\/fr.wikipedia.org\/wiki\/1975\">1975<\/a><span style=\"font-size: 13px;\">, pour enfin devenir professeur \u00e0 l&#8217;Universit\u00e9, il a d\u00e9velopp\u00e9 au cours de sa d\u00e9marche professionnelle un corps doctrinal sur le jeu et le sport notamment solide<\/span><sup><a title=\"Wikip\u00e9dia:Style encyclop\u00e9dique\" href=\"http:\/\/fr.wikipedia.org\/wiki\/Wikip%C3%A9dia:Style_encyclop%C3%A9dique#Clair\">[pas clair]<\/a><\/sup><span style=\"font-size: 13px;\">. Il fait partie des premiers professeurs d\u2019EPS nomm\u00e9s \u00e0 un poste de chercheur. Devenu docteur d\u2019\u00c9tat \u00e8s lettres et sciences humaines, il enseigne \u00e0 l\u2019<\/span><a style=\"font-size: 13px;\" title=\"Universit\u00e9 Paris Descartes\" href=\"http:\/\/fr.wikipedia.org\/wiki\/Universit%C3%A9_Paris_Descartes\">Universit\u00e9 Paris Descartes<\/a><span style=\"font-size: 13px;\">, en Sciences sociales et Math\u00e9matiques. Il est ensuite nomm\u00e9 \u00e0 l\u2019INSEP, responsable du laboratoire de recherche \u00ab\u00a0Jeux sportifs et science de l\u2019action motrice\u00a0\u00bb puis, en 1987, devient professeur de sociologie du <\/span><a style=\"font-size: 13px;\" title=\"Sport\" href=\"http:\/\/fr.wikipedia.org\/wiki\/Sport\">sport<\/a><span style=\"font-size: 13px;\"> \u00e0 l\u2019universit\u00e9 de Paris V (au LEMTAS)<\/span><sup id=\"cite_ref-1\"><a href=\"http:\/\/fr.wikipedia.org\/wiki\/Pierre_Parlebas#cite_note-1\">1<\/a><\/sup><span style=\"font-size: 13px;\">.<\/span><\/h2>\n<p>Pierre Parlebas est pr\u00e9sident d&#8217;honneur des <a title=\"Centre d'entra\u00eenement aux m\u00e9thodes d'\u00e9ducation active\" href=\"http:\/\/fr.wikipedia.org\/wiki\/Centre_d%27entra%C3%AEnement_aux_m%C3%A9thodes_d%27%C3%A9ducation_active\">Centre d&#8217;entra\u00eenement aux m\u00e9thodes d&#8217;\u00e9ducation active<\/a> (Cem\u00e9a), il est responsable du groupe national Jeux et pratiques ludiques.<\/p>\n<p>Contributions scientifiques<\/p>\n<p>Son travail introduit \u00e0 une science de l&#8217;action motrice, une \u00ab\u00a0<a title=\"Prax\u00e9ologie\" href=\"http:\/\/fr.wikipedia.org\/wiki\/Prax%C3%A9ologie\">prax\u00e9ologie<\/a> motrice\u00a0\u00bb. Il prend ses sources dans la <a title=\"Logique\" href=\"http:\/\/fr.wikipedia.org\/wiki\/Logique\">logique<\/a>, les <a title=\"Math\u00e9matiques\" href=\"http:\/\/fr.wikipedia.org\/wiki\/Math%C3%A9matiques\">math\u00e9matiques<\/a>, la <a title=\"Sociom\u00e9trie\" href=\"http:\/\/fr.wikipedia.org\/wiki\/Sociom%C3%A9trie\">sociom\u00e9trie<\/a>, la <a title=\"Linguistique\" href=\"http:\/\/fr.wikipedia.org\/wiki\/Linguistique\">linguistique<\/a> et la <a title=\"S\u00e9miotique\" href=\"http:\/\/fr.wikipedia.org\/wiki\/S%C3%A9miotique\">s\u00e9miotique<\/a> \u00e0 la recherche de voies de <a title=\"Formalisation\" href=\"http:\/\/fr.wikipedia.org\/wiki\/Formalisation\">formalisation<\/a> des conduites. Il milite plus pour aborder l&#8217;\u00e9ducation physique scientifiquement que pour la consid\u00e9rer ou la constituer comme une science\u00a0: \u00ab\u00a0l&#8217;EPS sera scientifique ou ne sera pas\u00a0\u00bb. Elle devrait \u00eatre une \u00ab\u00a0p\u00e9dagogie des conduites motrices\u00a0\u00bb. Il \u00e9labore un lexique \u00e0 des fins de pr\u00e9ciser le vocabulaire qu&#8217;il souhaite employer principalement dans l&#8217;\u00e9tude des interactions motrices jou\u00e9es (1981, r\u00e9\u00e9dition augment\u00e9e 1998)<sup id=\"cite_ref-2\"><a href=\"http:\/\/fr.wikipedia.org\/wiki\/Pierre_Parlebas#cite_note-2\">2<\/a><\/sup>. Sa th\u00e8se d&#8217;\u00c9tat (1984) pr\u00e9sente une partie des outils qu&#8217;il met en \u0153uvre dans l&#8217;\u00e9tude des jeux sportifs et leur mod\u00e9lisation. Ces consid\u00e9rations l&#8217;ont amen\u00e9 \u00e0 s&#8217;opposer th\u00e9oriquement (et surtout \u00e9pist\u00e9mologiquement) avec <a title=\"Georges Vigarello\" href=\"http:\/\/fr.wikipedia.org\/wiki\/Georges_Vigarello\">Georges Vigarello<\/a> au cours des ann\u00e9es 1970<sup id=\"cite_ref-3\"><a href=\"http:\/\/fr.wikipedia.org\/wiki\/Pierre_Parlebas#cite_note-3\">3<\/a><\/sup><sup>,<\/sup><sup id=\"cite_ref-4\"><a href=\"http:\/\/fr.wikipedia.org\/wiki\/Pierre_Parlebas#cite_note-4\">4<\/a><\/sup>.<\/p>\n<p>Dans le but de caract\u00e9riser les effets recherch\u00e9s au travers de celle-ci ainsi que les acquisitions qui peuvent en \u00eatre attendues et \u00e0 partir d&#8217;une approche structurale, Pierre Parlebas propose une <a title=\"Classification\" href=\"http:\/\/fr.wikipedia.org\/wiki\/Classification\">classification<\/a> des activit\u00e9s physiques construite \u00e0 partir de trois crit\u00e8res\u00a0: la pr\u00e9sence de partenaire (s), P, d&#8217;adversaire (s), A et d&#8217;incertitude li\u00e9e au milieu, I. Un jeu sportif collectif comme le football serait rang\u00e9 dans la classe PA, et non I (les terrains de sports collectifs ne sont pas des espaces complexes comme un milieu naturel inconnu ou \u00e0 d\u00e9couvrir au cours de l&#8217;activit\u00e9)\u00a0; les grands jeux de pleine nature comme les contrebandiers dans la classe PAI. Chaque crit\u00e8re g\u00e9n\u00e9rant une partition double on obtient 8 classes d&#8217;activit\u00e9s. Deux expressions viennent caract\u00e9riser cet espace\u00a0: la \u00ab\u00a0<a title=\"Psychomotricit\u00e9\" href=\"http:\/\/fr.wikipedia.org\/wiki\/Psychomotricit%C3%A9\">psychomotricit\u00e9<\/a>\u00a0\u00bb est un agir en isol\u00e9, alors que la \u00ab\u00a0sociomotricit\u00e9\u00a0\u00bb un agir en pr\u00e9sence d&#8217;autrui.<\/p>\n<p>Parmi les <a title=\"Concept\" href=\"http:\/\/fr.wikipedia.org\/wiki\/Concept\">concepts<\/a> qu&#8217;il avance, on retrouve les r\u00e9seaux de communication et de contre-communication, les gest\u00e8mes et prax\u00e8mes comme classe de communication, la sociomotricit\u00e9, le r\u00e9seau des r\u00f4les et des sous-r\u00f4les sociomoteurs, la distance de garde, de charge, les <a title=\"Graphe\" href=\"http:\/\/fr.wikipedia.org\/wiki\/Graphe\">graphes<\/a> des jeux, le syst\u00e8mes des scores\u2026 (\u00e9bauche)<\/p>\n<p>Pierre Parlebas a d\u00e9velopp\u00e9 la notion de <a title=\"Logique interne\" href=\"http:\/\/fr.wikipedia.org\/wiki\/Logique_interne\">logique interne<\/a> utilis\u00e9e pour l&#8217;analyse et la mod\u00e9lisation des activit\u00e9s physiques et sportives et des jeux en g\u00e9n\u00e9ral.<\/p>\n<p>&nbsp;<\/p>\n","protected":false},"excerpt":{"rendered":"<p>&nbsp; \u00a0D\u2019abord professeur d\u2019EPS, puis professeur en \u00c9cole normale, puis \u00e0 l\u2019ENSEP (de 1965 \u00e0 1973), \u00e0 l\u2019INS et \u00e0 l\u2019Institut national du sport, de l&#8217;expertise et de la performance (INSEP) depuis 1975, pour enfin devenir professeur \u00e0 l&#8217;Universit\u00e9, il a d\u00e9velopp\u00e9 au cours de sa d\u00e9marche professionnelle un corps doctrinal sur le jeu et [&hellip;]<\/p>\n","protected":false},"author":1,"featured_media":0,"parent":0,"menu_order":0,"comment_status":"closed","ping_status":"closed","template":"","meta":{"footnotes":""},"class_list":["post-131","page","type-page","status-publish","hentry"],"_links":{"self":[{"href":"https:\/\/praxiologiamotriz.inefc.es\/index.php?rest_route=\/wp\/v2\/pages\/131","targetHints":{"allow":["GET"]}}],"collection":[{"href":"https:\/\/praxiologiamotriz.inefc.es\/index.php?rest_route=\/wp\/v2\/pages"}],"about":[{"href":"https:\/\/praxiologiamotriz.inefc.es\/index.php?rest_route=\/wp\/v2\/types\/page"}],"author":[{"embeddable":true,"href":"https:\/\/praxiologiamotriz.inefc.es\/index.php?rest_route=\/wp\/v2\/users\/1"}],"replies":[{"embeddable":true,"href":"https:\/\/praxiologiamotriz.inefc.es\/index.php?rest_route=%2Fwp%2Fv2%2Fcomments&post=131"}],"version-history":[{"count":10,"href":"https:\/\/praxiologiamotriz.inefc.es\/index.php?rest_route=\/wp\/v2\/pages\/131\/revisions"}],"predecessor-version":[{"id":369,"href":"https:\/\/praxiologiamotriz.inefc.es\/index.php?rest_route=\/wp\/v2\/pages\/131\/revisions\/369"}],"wp:attachment":[{"href":"https:\/\/praxiologiamotriz.inefc.es\/index.php?rest_route=%2Fwp%2Fv2%2Fmedia&parent=131"}],"curies":[{"name":"wp","href":"https:\/\/api.w.org\/{rel}","templated":true}]}}