{"id":26,"date":"2013-10-23T14:12:28","date_gmt":"2013-10-23T14:12:28","guid":{"rendered":"http:\/\/praxiologiamotriz.inefc.es\/?page_id=26"},"modified":"2020-11-20T19:12:17","modified_gmt":"2020-11-20T19:12:17","slug":"grupos-investigacion","status":"publish","type":"page","link":"https:\/\/praxiologiamotriz.inefc.es\/?page_id=26","title":{"rendered":"Vinculaci\u00f3n y convenios con institutos y centros de investigaci\u00f3n"},"content":{"rendered":"<ul>\n<li>Somos miembros estatutarios de <a href=\"http:\/\/recherche.parisdescartes.fr\/tec\/Membres\/Membres-statutaires\">Universit\u00e9 Paris Descartes, Grup de Recerca Techniques et Enjeux du corps<\/a> (TEC, EA3625). Desarrollamos la b\u00fasqueda BRIDGE: Promotion of European Traditional Sports and Games, a BRIDGE for Intercultural Dialogue. [Financiado por: Education, Audiovisual and Culture Executive Agency (EACEA), Erasmus +] y tambi\u00e9n compartimos publicaciones.<\/li>\n<li>Miembros de <a href=\"http:\/\/www.indest.udl.cat\/\">l\u2019Institut de Recerca de Desenvolupament Social i Territorial (INDEST)<\/a> de la Universitat de Lleida. Desarrollamos los proyectos Prevenci\u00f3n de las violencias desde el nacimiento. Espacios de socializaci\u00f3n y resoluci\u00f3n positiva de los conflictos; La reconfiguraci\u00f3n de las identidades locales en Catalu\u00f1a (1990 a 2016). Su manifestaci\u00f3n a partir del juego y la fiesta, el patrimonio y el turismo, la lengua y la literatura, los medios y la publicidad, y el asociacionismo cultural.<\/li>\n<li>Membres fundadors i del consell d\u2019administraci\u00f3 de <a href=\"http:\/\/jugaje.com\/wp\/miembros\/\">la Asociaci\u00f3n Europea de Juegos y Deportes<\/a> Tradicionales y de la <a href=\"http:\/\/www.scoop.it\/t\/international-traditional-sports-games-association\">Asociaci\u00f3n Internacional de Juegos y Deportes Tradicionales<\/a> con quienes desarrollamos el proyecto BRIDGE y publicaciones regulares.<\/li>\n<li>Miembros de la <a href=\"http:\/\/www.isdy.net\/html\/relatedOrg.php?PHPSESSID=af18ad9e75c89152324f66441267079d\">International Society of Eastern Sports &amp; Physical Education Pan-Asian society of Sports &amp; P.E<\/a>. (Corea del Sur) participamos en seminarios internacionals y en <a href=\"http:\/\/www.isdy.net\/html\/trainee.php\">publicaci\u00f3n de art\u00edculos<\/a>.<\/li>\n<\/ul>\n","protected":false},"excerpt":{"rendered":"<p>Somos miembros estatutarios de Universit\u00e9 Paris Descartes, Grup de Recerca Techniques et Enjeux du corps (TEC, EA3625). Desarrollamos la b\u00fasqueda BRIDGE: Promotion of European Traditional Sports and Games, a BRIDGE for Intercultural Dialogue. [Financiado por: Education, Audiovisual and Culture Executive Agency (EACEA), Erasmus +] y tambi\u00e9n compartimos publicaciones. Miembros de l\u2019Institut de Recerca de Desenvolupament [&hellip;]<\/p>\n","protected":false},"author":1,"featured_media":0,"parent":0,"menu_order":0,"comment_status":"closed","ping_status":"closed","template":"","meta":{"footnotes":""},"class_list":["post-26","page","type-page","status-publish","hentry"],"_links":{"self":[{"href":"https:\/\/praxiologiamotriz.inefc.es\/index.php?rest_route=\/wp\/v2\/pages\/26","targetHints":{"allow":["GET"]}}],"collection":[{"href":"https:\/\/praxiologiamotriz.inefc.es\/index.php?rest_route=\/wp\/v2\/pages"}],"about":[{"href":"https:\/\/praxiologiamotriz.inefc.es\/index.php?rest_route=\/wp\/v2\/types\/page"}],"author":[{"embeddable":true,"href":"https:\/\/praxiologiamotriz.inefc.es\/index.php?rest_route=\/wp\/v2\/users\/1"}],"replies":[{"embeddable":true,"href":"https:\/\/praxiologiamotriz.inefc.es\/index.php?rest_route=%2Fwp%2Fv2%2Fcomments&post=26"}],"version-history":[{"count":2,"href":"https:\/\/praxiologiamotriz.inefc.es\/index.php?rest_route=\/wp\/v2\/pages\/26\/revisions"}],"predecessor-version":[{"id":1048,"href":"https:\/\/praxiologiamotriz.inefc.es\/index.php?rest_route=\/wp\/v2\/pages\/26\/revisions\/1048"}],"wp:attachment":[{"href":"https:\/\/praxiologiamotriz.inefc.es\/index.php?rest_route=%2Fwp%2Fv2%2Fmedia&parent=26"}],"curies":[{"name":"wp","href":"https:\/\/api.w.org\/{rel}","templated":true}]}}