{"id":787,"date":"2019-03-26T10:32:38","date_gmt":"2019-03-26T10:32:38","guid":{"rendered":"http:\/\/praxiologiamotriz.inefc.es\/?page_id=787"},"modified":"2021-01-25T23:43:37","modified_gmt":"2021-01-25T23:43:37","slug":"historia-del-grupo","status":"publish","type":"page","link":"https:\/\/praxiologiamotriz.inefc.es\/?page_id=787","title":{"rendered":"Historia del grupo"},"content":{"rendered":"<p><span style=\"font-size: 14pt; color: #0000ff;\"><strong>Historia del GEP, GREJE, GIAM<\/strong><\/span><\/p>\n<p><strong>Hace 28 a\u00f1os<\/strong>, el a\u00f1o <strong>1991<\/strong> naci\u00f3 nuestro grupo con el nombre de <em>grupo de estudios praxiol\u00f3gicos<\/em> <span style=\"color: #0000ff;\">(<strong>GEP<\/strong>)<\/span>. Posteriormente se denomin\u00f3 <em>grupo de investigaci\u00f3n en juegos deportivos<\/em> (<span style=\"color: #0000ff;\"><strong>GREJE<\/strong>)<\/span> y en la actualidad y ya de modo m\u00e1s definitivo <em>grupo de investigaci\u00f3n en acci\u00f3n motriz<\/em> (<span style=\"color: #0000ff;\"><strong>GIAM<\/strong><\/span>). Este grupo es <strong>reconocido por agencias como AGAUR<\/strong> y la<strong> universidad de Lleida<\/strong>. En estos momentos es un<strong> grupo consolidado<\/strong> con el c\u00f3digo <strong>SGR 2017 197.<\/strong><\/p>\n<p>En ese momento nuestro maestro <span style=\"color: #0000ff;\"><em><strong>Paco Lagardera<\/strong><\/em><\/span> tom\u00f3 la iniciativa de introducirnos en esta disciplina. Pronto un grupo de profesores j\u00f3venes del INEFC, con ansias de aprender emprendimos este viaje sin fin de conocer y aplicar los fundamentos de la ciencia de la acci\u00f3n motriz. <span style=\"color: #0000ff;\"><em><strong>Gerard Lasierra, Conchita Dur\u00e1n, Josep Castarlenas, Pedro Ruiz, Merc\u00e8 Mateu, Mario Lloret<\/strong> <\/em><\/span>y el que os escribe, <span style=\"color: #0000ff;\"><em><strong>Pere Lavega<\/strong><\/em><\/span> empezamos esa singladura especial.<\/p>\n<p>La <strong>primera tesis doctoral<\/strong> del grupo fue le\u00edda por <em><strong>Paco Lagardera<\/strong><\/em> quien dirigi\u00f3 la\u00a0tesis de <em><strong>Pere Lavega<\/strong><\/em> que se defendi\u00f3 el 16 de octubre de 1995. En el tribunal de la\u00a0tesis estuvo presente el profesor<span style=\"color: #0000ff;\"><strong><em> Pierre Parlebas<\/em><\/strong><\/span>, quien tambi\u00e9n intervino en el\u00a0<strong><em>primer seminario internacional de praxiolog\u00eda motriz<\/em>,<\/strong> celebrado<strong> en Lleida<\/strong> durante\u00a0los dos d\u00edas siguientes y en el congreso internacional que tambi\u00e9n tuvo lugar\u00a0durante esa semana.<\/p>\n<p>Posteriormente tuvimos el honor de liderar la solicitud del\u00a0reconocimiento de <span style=\"color: #000000;\"><strong>Pierre Parlebas como doctor honoris causa por la Universidad de Lleida<\/strong><\/span> en 2002. En ese acto memorable para todos nosotros, para la EF para la\u00a0praxiolog\u00eda motriz y para nuestro grupo, el amigo Paco Lagardera hizo la funci\u00f3n de padrino. Hace pocos a\u00f1os el profesor y amigo <span style=\"color: #0000ff;\"><strong><em>Marco Coelho Bortoleto<\/em><\/strong><\/span> tambi\u00e9n hizo realidad la <strong>investidura<\/strong> de <strong>Pierre Parlebas<\/strong> como <strong>doctor honoris causa<\/strong> <strong>por la Universidad de Campinas<\/strong> en Brasil.<\/p>\n<p>Tras la jubilaci\u00f3n de Paco, hace unos a\u00f1os, <strong><em>Pere Lavega<\/em> asumi\u00f3<\/strong> con placer y responsabilidad la funci\u00f3n de\u00a0<strong>coordinaci\u00f3n del grupo<\/strong>, tomando el relevo de Paco, quien nos sigue desde la distancia. En esta segunda etapa se han incorporado otros profesores del centro: <span style=\"color: #0000ff;\"><em><strong>Antoni Costes, Rosa Rodr\u00edguez, Enric Ormo, Gerard Lasierra, Crist\u00f3fol Salas .<\/strong><\/em><\/span><\/p>\n<p>Durante los primeros a\u00f1os, esa pasi\u00f3n cient\u00edfica se confirmaba con las <strong>reuniones mensuales<\/strong>, a las que asist\u00edan personas que se trasladaban desde lejos para superar a la niebla y el fr\u00edo del invierno.<span style=\"color: #0000ff;\"> <em><strong>Josep Maria Caubet, Quim de Marimon, Gabriel Port\u00ed, Josep Invern\u00f3, Juan Andueza,<\/strong><\/em><\/span> son ejemplos de esa pasi\u00f3n transformada en acci\u00f3n motriz. Posteriormente <span style=\"color: #0000ff;\"><em><strong>Xavi de Blas, Cristina L\u00f3pez, Gloria Rovira<\/strong> <\/em><\/span>se a\u00f1adir\u00edan a esta lista de miembros del grupo.<\/p>\n<p>En la d\u00e9cada de los 90 el profesor <span style=\"color: #0000ff;\"><em><strong>Joao Francisco Magno Ribas<\/strong><\/em> <\/span>de la<strong> Universidad de Santa Maria de Brasil<\/strong>, empez\u00f3 los primeros contactos con nuestro grupo y desde entonces ha sido un l\u00edder y magn\u00edfico <strong>embajador del laboratorio<\/strong>. Tras su estancia en nuestra ciudad y centro, <strong>le han seguido alumnos y disc\u00edpulos<\/strong> suyos:<span style=\"color: #0000ff;\"><strong><em> Marco Antonio Coelho Bortoleto, Pablo Aires Araujo, Marcia Filipetto, Silvester Franci, Sabrine Dami\u00e1n, Leonardo Machado<\/em><\/strong><\/span>. Todos ellos decidieron salir de la zona de confort, de su pa\u00eds, de su ciudad de residencia y dar la confianza a nuestro grupo para formarse en el \u00e1mbito de la investigaci\u00f3n. Tambi\u00e9n fue muy especial la experiencia compartida con <strong><span style=\"color: #0000ff;\"><em>Jaime Valenzuela<\/em><\/span> de Chile<\/strong> quien realiz\u00f3 su tesis doctoral con nosotros.<\/p>\n<p>Durante este tiempo, el grupo ha acogido a personas que han disfrutado de alguna <strong>beca de investigaci\u00f3n o de proyectos internacionales<\/strong>: <span style=\"color: #0000ff;\"><em><strong>Unai S\u00e1ez de Oc\u00e1riz<\/strong><\/em> <\/span>fue becario <strong>colaborador de investigaci\u00f3n<\/strong>; <span style=\"color: #0000ff;\"><em><strong>Pablo Aires<\/strong><\/em><\/span> becado por la <strong>beca Jade-Plus<\/strong> (Brasil Espa\u00f1a y Capes de Brasil); <span style=\"color: #0000ff;\"><strong><em>Jorge Serna, Queralt Prat, Ver\u00f3nica Mu\u00f1oz<\/em><\/strong><\/span> (Colombia), <span style=\"color: #0000ff;\"><strong><em>Aaron Rillo, <span style=\"color: #000000;\">Sabrine Dami\u00e1n<\/span><\/em><\/strong><\/span> (Brasil) y <strong><em>Leonardo Machado<\/em> (Brasil) como becarios predoctorales. <\/strong><\/p>\n<p>Tras sus lecturas brillantes de t<strong>esis doctorales<\/strong><em><strong> Unai, Jorge y Queralt<\/strong><\/em> se han <strong>incorporado como profesores en el INEFC<\/strong> (centros de Barcelona y Lleida) y otros como <strong>Marco, Jaime, Xavi de Blas, Cristina L\u00f3pez en otras universidades.<\/strong><\/p>\n<p>Hemos tenido la suerte de participar en <strong><span style=\"color: #000080;\">proyectos competitivos de AGAUR<\/span>, en Catalu\u00f1a; del <span style=\"color: #000080;\">Ministerio I+D+I<\/span> y europeos <span style=\"color: #000080;\">Erasmus plus<\/span><\/strong>. Esto ha permitido ampliar los miembros y lazos con amigos de otras universidades y pa\u00edses en nuestro grupo de investigaci\u00f3n: De este modo <strong>el grupo de investigaci\u00f3n ampli\u00f3 <\/strong>sus miembros:\u00a0\u00a0<strong><em>J<span style=\"color: #0000ff;\">oseba Etxebeste<\/span><\/em> de Vitoria,<span style=\"color: #0000ff;\"> <em>Nacho Alonso<\/em> <\/span>de Murcia, <span style=\"color: #0000ff;\"><em>Juan Pedro Rodr\u00edguez Ribas<\/em> <\/span>de M\u00e1laga, <span style=\"color: #0000ff;\"><em>Gloria Rovira<\/em>, <em>Victor Lopez-Ros y Raquel Font<\/em> <\/span>(Universidad Girona); junto con <span style=\"color: #0000ff;\"><em>Luc Collard\u00a0<\/em><span style=\"color: #000000;\">de Par\u00eds<\/span>, <em>Paolo Coelho Araujo y Ana Rosa Fachardo Jaqueira<\/em> de Portugal, <em>Ahmed Torqui<\/em> <\/span>de Algeria<\/strong>.<\/p>\n<p>Posteriormente se han ido incorporando otros doctorandos: <em><strong><span style=\"color: #0000ff;\">Lucho Parrillis<\/span>\u00a0<\/strong><\/em>(<strong>Canarias<\/strong>); <span style=\"color: #0000ff;\"><em><strong>David Mart\u00edn<\/strong><\/em><\/span> (<strong>Barcelona<\/strong>), <strong><span style=\"color: #0000ff;\"><em>David Falc\u00f3n<\/em><\/span> (Zaragoza); <span style=\"color: #0000ff;\"><em>M\u00e1rio Maia Rodrigues<\/em><\/span> (Coimbra); <span style=\"color: #0000ff;\"><em>Efr\u00e9n Luis<\/em><\/span> (Canarias); <span style=\"color: #0000ff;\"><em>Francesco Rovere<\/em><\/span> (Italia) y el profesor <span style=\"color: #0000ff;\"><em>Miguel Pic Aguilar<\/em><\/span> de Canarias.<\/strong><\/p>\n<p>Nuestro grupo tambi\u00e9n ha acogido <span style=\"color: #000080;\"><strong>profesores visitantes e invitados<\/strong><\/span> en distintos momentos, con motivo de alg\u00fan proyecto de movilidad <strong>Erasmus, Intercampus o fruto de acuerdos entre universidades<\/strong>. A modo de ejemplo citamos: <em><strong><span style=\"color: #0000ff;\">Joao Francisco Magno<\/span><\/strong><\/em> Ribas (Brasil); <strong><em><span style=\"color: #0000ff;\">Ahmed Torki<\/span><\/em><\/strong> (Chlef, Algeria); <span style=\"color: #0000ff;\"><em><strong>Marisa Cifo<\/strong><\/em><\/span> (Murcia); <span style=\"color: #0000ff;\"><em><strong>Jong- Young Lee<\/strong><\/em><\/span> (Suwon, Corea del Sur); <span style=\"color: #0000ff;\"><em><strong>Alessandro Bortolotti<\/strong><\/em><\/span> (Bolonia, Italia); <span style=\"color: #0000ff;\"><em><strong>Paulo Coelho Araujo<\/strong><\/em><\/span> y <strong><em><span style=\"color: #0000ff;\">Ana Rosa Fachardo Jaqueira<\/span><\/em><\/strong> (Coimbra, Portugal); David Falc\u00f3n (Zaragoza).<\/p>\n<p>En estos <strong>28 a\u00f1os<\/strong> hemos compartido <strong>seminarios<\/strong>, lecturas de <strong>tesis<\/strong> doctorales, de tesis de <strong>m\u00e1ster<\/strong> y de <strong>trabajos<\/strong> de <strong>fin de grado<\/strong>. Igualmente hemos liderado diversos tipos de <strong>publicaciones<\/strong>: un n\u00famero <strong>monogr\u00e1fico en la revista Apunts<\/strong> en el a\u00f1o 1993 (si pudi\u00e9ramos ese n\u00famero lo sustituir\u00edamos por otro tipo de producciones cient\u00edficas, mucho m\u00e1s maduras; error de falta de madurez cient\u00edfica del grupo); la t<strong>raducci\u00f3n y adaptaci\u00f3n del \u00abL\u00e9xico comentado de praxiolog\u00eda motriz\u00bb\u00a0<\/strong>; la <strong>edici\u00f3n<\/strong> del libro de \u00ab\u00bb<strong>Introducci\u00f3n a la praxiolog\u00eda motriz<\/strong>, la <strong>edici\u00f3n<\/strong> del libro de \u00ab<strong>La ciencia de la acci\u00f3n motriz<\/strong>\u00ab; la <strong>coordinaci\u00f3n<\/strong> de un <strong>volumen<\/strong> de la <strong>enciclopedia catalana sobre juegos tradicionales<\/strong> o la <strong>edici\u00f3n<\/strong> de un libro sobre \u00ab<strong>Juegos tradicionales de adultos en Europa<\/strong>\u00ab.<\/p>\n<p>Tambi\u00e9n hemos elaborado publicaciones de <strong>cap\u00edtulos de libro y art\u00edculos<\/strong> en torno a una de las l\u00edneas de investigaci\u00f3n m\u00e1s fruct\u00edferas del grupo: los <strong>efectos de los juegos deportivos tradicionales sobre el bienestar emociona<\/strong>l. Igualmente, el grupo ha sido activo en <strong>cursos de formaci\u00f3n<\/strong> (asignaturas de grado, m\u00e1ster y doctorado; organizamos un <strong>m\u00e1ster de juegos tradicionales<\/strong> dirigido por Pere Lavega y coordinado por Antoni Costes), en cursos de formaci\u00f3n permanente, <strong>escuelas de verano,<\/strong> e incluso hemos activado un <strong><span style=\"color: #000080;\">curso online<\/span> (aprender a convivir a trav\u00e9s del juego<\/strong>, con 2600 inscritos de 48 pa\u00edses distintos).<\/p>\n<p>Merece una especial atenci\u00f3n el siguiente hito. En el a\u00f1o 2001 nuestro amigo <strong>Marco Bortoleto<\/strong> de la Universidad de Campinas (Brasil) <strong>activ\u00f3 el <span style=\"color: #000080;\"><em>centro de \u00a0documentaci\u00f3n virtual en praxiolog\u00eda motriz;<\/em><\/span> el primero en esta disciplina.<\/strong><\/p>\n<p>Posteriormente tambi\u00e9n fuimos miembros <strong>fundadores de la <em><span style=\"color: #333399;\">Asociaci\u00f3n Internacional en Praxiolog\u00eda Motriz<\/span> <span style=\"color: #333399;\">(AIPRAM)<\/span><\/em><\/strong> que tiene como <strong>presidente<\/strong> honor\u00edfico a <strong>Pierre Parlebas<\/strong> y como <strong>primer presidente a Paco Lagardera,<\/strong> sustituido hace unos a\u00f1os por <em><strong><span style=\"color: #0000ff;\">Bertrand During<\/span>.<\/strong><\/em>\u00a0 Del mismo modo ha sido muy excepcional poder ser <strong>miembros fundadores de la <span style=\"color: #000080;\"><em>Asociaci\u00f3n Europea de Juegos Tradicionales (AEJeST<\/em><\/span>,<\/strong> que <strong>preside Pere Lavega<\/strong> en estos momentos), tambi\u00e9n ser <strong>miembros fundadores de la Asociaci\u00f3n Internacional de Juegos Tradicionales<\/strong>, y <strong>formar parte, junto con el Profesor Parlebas del <em><span style=\"color: #000080;\">Comit\u00e9 Consultivo de la Unesco para la protecci\u00f3n y promoci\u00f3n de los juegos tradicionales<\/span><\/em>.<\/strong><\/p>\n<p>Como hemos descrito, en nuestro grupo han pasado personas de distintos pa\u00edses de Europa, de Latinoam\u00e9rica y tambi\u00e9n de distintas regiones de Espa\u00f1a. <strong>Son muchas las experiencias vividas, los tesoros compartidos y todo lo que nos une: una amistad personal e intelectual\u2026 en acci\u00f3n motriz<\/strong><\/p>\n","protected":false},"excerpt":{"rendered":"<p>Historia del GEP, GREJE, GIAM Hace 28 a\u00f1os, el a\u00f1o 1991 naci\u00f3 nuestro grupo con el nombre de grupo de estudios praxiol\u00f3gicos (GEP). Posteriormente se denomin\u00f3 grupo de investigaci\u00f3n en juegos deportivos (GREJE) y en la actualidad y ya de modo m\u00e1s definitivo grupo de investigaci\u00f3n en acci\u00f3n motriz (GIAM). Este grupo es reconocido por [&hellip;]<\/p>\n","protected":false},"author":5,"featured_media":0,"parent":0,"menu_order":0,"comment_status":"closed","ping_status":"closed","template":"sidebar-page.php","meta":{"footnotes":""},"class_list":["post-787","page","type-page","status-publish","hentry"],"_links":{"self":[{"href":"https:\/\/praxiologiamotriz.inefc.es\/index.php?rest_route=\/wp\/v2\/pages\/787","targetHints":{"allow":["GET"]}}],"collection":[{"href":"https:\/\/praxiologiamotriz.inefc.es\/index.php?rest_route=\/wp\/v2\/pages"}],"about":[{"href":"https:\/\/praxiologiamotriz.inefc.es\/index.php?rest_route=\/wp\/v2\/types\/page"}],"author":[{"embeddable":true,"href":"https:\/\/praxiologiamotriz.inefc.es\/index.php?rest_route=\/wp\/v2\/users\/5"}],"replies":[{"embeddable":true,"href":"https:\/\/praxiologiamotriz.inefc.es\/index.php?rest_route=%2Fwp%2Fv2%2Fcomments&post=787"}],"version-history":[{"count":7,"href":"https:\/\/praxiologiamotriz.inefc.es\/index.php?rest_route=\/wp\/v2\/pages\/787\/revisions"}],"predecessor-version":[{"id":1251,"href":"https:\/\/praxiologiamotriz.inefc.es\/index.php?rest_route=\/wp\/v2\/pages\/787\/revisions\/1251"}],"wp:attachment":[{"href":"https:\/\/praxiologiamotriz.inefc.es\/index.php?rest_route=%2Fwp%2Fv2%2Fmedia&parent=787"}],"curies":[{"name":"wp","href":"https:\/\/api.w.org\/{rel}","templated":true}]}}